{"id":8,"date":"2016-02-05T18:13:33","date_gmt":"2016-02-05T17:13:33","guid":{"rendered":"http:\/\/rolker-obstbau.de\/de\/?page_id=8"},"modified":"2024-09-06T13:26:23","modified_gmt":"2024-09-06T11:26:23","slug":"impressum","status":"publish","type":"page","link":"https:\/\/rolker-obstbau.de\/de\/impressum\/","title":{"rendered":"Impressum"},"content":{"rendered":"<p>www.Rolker-Obstbau.de<\/p>\n<p>Rolker Obstbau GbR<br \/>\nHenning, J\u00f6rn Rolker<br \/>\nEstedeich 55 \u00b7 21129 Hamburg \u2013 Cranz<\/p>\n<p>e-mail: <span style=\"color: #333333;\"><a style=\"color: #333333;\" href=\"mailto:%20willkommen@rolker-obstbau.de\">willkommen@rolker-obstbau.de<\/a><\/span><\/p>\n<p>St.Nr. 47\/670\/00354<\/p>\n<p>Id-Nr. DE 815600283<\/p>\n<p>EU-Kontrollstelle DE-\u00d6KO-039<\/p>\n<p>Kontrollnummer: DE-HH-039-01403-A<\/p>\n<p><span style=\"color: #333333;\"><a style=\"color: #333333;\" href=\"http:\/\/www.oeko-kontrollstellen.de\" target=\"_blank\" rel=\"noopener\">http:\/\/www.oeko-kontrollstellen.de<\/a><\/span><\/p>\n<p><span style=\"color: #333333;\"><a style=\"color: #333333;\" href=\"http:\/\/www.bioc.info\" target=\"_blank\" rel=\"noopener\">http:\/\/www.bioc.info<\/a><\/span><\/p>\n<p><strong>Haftungsausschluss \/ Copyright<\/strong><br \/>\nHaftungsausschluss<br \/>\nDas auf diesen Seiten bereitgestellte Bild- und Textmaterial dient ausschlie\u00dflich zur Eigen-Pr\u00e4sentation der Rolker Obstbau GbR. Bitte beachten Sie: Mit Urteil vom 12.5.1998 &#8211; 312 O 85\/98 &#8211; &#8222;Haftung f\u00fcr Links&#8220; hat das Landgericht Hamburg entschieden, dass man durch die Anbringung eines Links die Inhalte der gelinkten Seite ggfs. mit zu verantworten hat. Dieses kann nur dadurch verhindert werden, indem man sich ausdr\u00fccklich von diesen Inhalten distanziert: &#8222;Hiermit distanzieren wir uns ausdr\u00fccklich von den Inhalten aller verlinkten Seiten.&#8220; Alle Angebote sind freibleibend und unverbindlich. Alle Angaben ohne Gew\u00e4hr.<\/p>\n<p>Copyrightvermerk<br \/>\nDas auf diesen Seiten bereitgestellte Bild- und Textmaterial ist urhebrrehctlich gesch\u00fctzt und dient ausschlie\u00dflich der Eigen-Pr\u00e4sentation der Rolker Obstbau GbR. Vervielf\u00e4ltigung im Ganzen oder in Teilen von Inhalten dieser Website ist in jeglicher Form auf jedem Medium verboten.<\/p>\n<p>Texte: 2016 Peter Rolker, Jork<\/p>\n<p>Konzept\/ Grafik-Design\/ Webdesign: 2016 <span style=\"color: #333333;\"><a style=\"color: #333333;\" href=\"http:\/\/agentur-kernhaus.de\/\" target=\"_blank\" rel=\"noopener\">Agentur Kernhaus e.K.<\/a><\/span>, Jork<\/p>\n<p>Technische Umsetzung\/ Programmierung: 2016 <span style=\"color: #333333;\"><a style=\"color: #333333;\" href=\"http:\/\/www.conceptik.de\/\" target=\"_blank\" rel=\"noopener\">ConceptiK<\/a><\/span>, K\u00f6ln<\/p>\n","protected":false},"excerpt":{"rendered":"<p>www.Rolker-Obstbau.de<br \/>\nRolker Obstbau GbR<br \/>\nHenning, J\u00f6rn Rolker<br \/>\nEstedeich 55 \u00b7 21129 Hamburg \u2013 Cranz<br \/>\ne-mail: willkommen@rolker-obstbau.de<br \/>\nSt.Nr. 47\/670\/00354<br \/>\nId-Nr. DE 815600283<br \/>\nEU-Kontrollstelle DE-\u00d6KO-039<br \/>\nKontrollnummer: DE-HH-039-01403-A<br <span class=\"hkjb\">&#8230;<\/span><\/p>\n","protected":false},"author":1,"featured_media":0,"parent":0,"menu_order":2,"comment_status":"closed","ping_status":"closed","template":"legal-notice.php","meta":{"footnotes":""},"class_list":["post-8","page","type-page","status-publish","hentry"],"_links":{"self":[{"href":"https:\/\/rolker-obstbau.de\/de\/wp-json\/wp\/v2\/pages\/8","targetHints":{"allow":["GET"]}}],"collection":[{"href":"https:\/\/rolker-obstbau.de\/de\/wp-json\/wp\/v2\/pages"}],"about":[{"href":"https:\/\/rolker-obstbau.de\/de\/wp-json\/wp\/v2\/types\/page"}],"author":[{"embeddable":true,"href":"https:\/\/rolker-obstbau.de\/de\/wp-json\/wp\/v2\/users\/1"}],"replies":[{"embeddable":true,"href":"https:\/\/rolker-obstbau.de\/de\/wp-json\/wp\/v2\/comments?post=8"}],"version-history":[{"count":13,"href":"https:\/\/rolker-obstbau.de\/de\/wp-json\/wp\/v2\/pages\/8\/revisions"}],"predecessor-version":[{"id":247,"href":"https:\/\/rolker-obstbau.de\/de\/wp-json\/wp\/v2\/pages\/8\/revisions\/247"}],"wp:attachment":[{"href":"https:\/\/rolker-obstbau.de\/de\/wp-json\/wp\/v2\/media?parent=8"}],"curies":[{"name":"wp","href":"https:\/\/api.w.org\/{rel}","templated":true}]}}